{"id":63,"date":"2026-03-10T11:47:29","date_gmt":"2026-03-10T11:47:29","guid":{"rendered":"https:\/\/zebusrecords.com\/impressum\/"},"modified":"2026-04-03T12:19:27","modified_gmt":"2026-04-03T12:19:27","slug":"impressum","status":"publish","type":"page","link":"https:\/\/zebusrecords.com\/en\/impressum\/","title":{"rendered":"Impressum"},"content":{"rendered":"<div class=\"wp-block-group alignfull is-style-ext-preset--group--natural-1--section has-background-background-color has-background has-global-padding is-layout-constrained wp-container-core-group-is-layout-6150fac0 wp-block-group-is-layout-constrained\" style=\"margin-top:0;margin-bottom:0;padding-top:var(--wp--preset--spacing--70);padding-bottom:var(--wp--preset--spacing--70)\">\n<p class=\"ext-animate--on\"><strong>Angaben gem\u00e4\u00df \u00a7 5 TMG<\/strong><\/p>\n\n\n\n<p class=\"ext-animate--on\">Zebus Records<br>Inhaber: Julius Braun<\/p>\n\n\n\n<p class=\"ext-animate--on\">Kocherbachweg 37<br>50374 Erftstadt<br>Deutschland<br><br> <strong>Kontakt<\/strong><\/p>\n\n\n\n<p class=\"ext-animate--on\">E-Mail (gesch\u00e4ftlich): <a href=\"mailto:info@zebusrecords.com\">info@zebusrecords.com<\/a><br>E-Mail (privat): <a href=\"mailto:zebusbraun@gmail.com\">zebusbraun@gmail.com<\/a><br><br> <strong>Verantwortlich f\u00fcr den Inhalt nach \u00a7 18 Abs. 2 MStV<\/strong><\/p>\n\n\n\n<p class=\"ext-animate--on\">Julius Braun<br>Anschrift wie oben<br><br> <strong>Haftung f\u00fcr Inhalte<\/strong><\/p>\n\n\n\n<p class=\"ext-animate--on\">Die Inhalte unserer Seiten wurden mit gr\u00f6\u00dfter Sorgfalt erstellt. F\u00fcr die Richtigkeit, Vollst\u00e4ndigkeit und Aktualit\u00e4t der Inhalte k\u00f6nnen wir jedoch keine Gew\u00e4hr \u00fcbernehmen.<\/p>\n\n\n\n<p class=\"ext-animate--on\">Als Diensteanbieter sind wir gem\u00e4\u00df \u00a7 7 Abs.1 TMG f\u00fcr eigene Inhalte auf diesen Seiten nach den allgemeinen Gesetzen verantwortlich. Nach \u00a7\u00a7 8 bis 10 TMG sind wir jedoch nicht verpflichtet, \u00fcbermittelte oder gespeicherte fremde Informationen zu \u00fcberwachen.<\/p>\n\n\n\n<p class=\"ext-animate--on\">Bei Bekanntwerden von entsprechenden Rechtsverletzungen werden wir diese Inhalte umgehend entfernen.<br><br> <strong>Haftung f\u00fcr Links<\/strong><\/p>\n\n\n\n<p class=\"ext-animate--on\">Diese Website enth\u00e4lt Links zu externen Websites Dritter (z. B. YouTube, Spotify, Apple Music, Amazon Music, Instagram oder SumUp), auf deren Inhalte wir keinen Einfluss haben.<\/p>\n\n\n\n<p class=\"ext-animate--on\">Deshalb k\u00f6nnen wir f\u00fcr diese fremden Inhalte auch keine Gew\u00e4hr \u00fcbernehmen. F\u00fcr die Inhalte der verlinkten Seiten ist stets der jeweilige Anbieter oder Betreiber verantwortlich.<\/p>\n\n\n\n<p class=\"ext-animate--on\">Bei Bekanntwerden von Rechtsverletzungen werden derartige Links umgehend entfernt.+<\/p>\n\n\n\n<p class=\"ext-animate--on\"><strong>Urheberrecht<\/strong><\/p>\n\n\n\n<p class=\"ext-animate--on\">Die durch Zebus Records erstellten Inhalte und Werke auf dieser Website unterliegen dem deutschen Urheberrecht.<\/p>\n\n\n\n<p class=\"ext-animate--on\">Soweit Inhalte nicht vom Betreiber erstellt wurden, werden die Urheberrechte Dritter beachtet und entsprechend gekennzeichnet.<\/p>\n\n\n\n<p class=\"ext-animate--on\">Die Vervielf\u00e4ltigung, Bearbeitung, Verbreitung oder sonstige Verwendung au\u00dferhalb der Grenzen des Urheberrechtes bedarf der vorherigen schriftlichen Zustimmung des jeweiligen Urhebers.<\/p>\n\n\n\n<p class=\"ext-animate--on\">Downloads und Kopien dieser Seite sind nur f\u00fcr den privaten, nicht kommerziellen Gebrauch gestattet.<\/p>\n\n\n\n<p class=\"ext-animate--on\"><strong>Besondere Hinweise zu Inhalten<\/strong><\/p>\n\n\n\n<p class=\"ext-animate--on\">Ein Teil der Inhalte (z. B. Archiv, interne Bereiche oder experimentelle Werke) ist nicht offiziell ver\u00f6ffentlicht und dient ausschlie\u00dflich Informations-, Demonstrations- oder internen Zwecken.<\/p>\n\n\n\n<p class=\"ext-animate--on\">Die Nutzung erfolgt auf eigene Verantwortung.<\/p>\n\n\n\n<p class=\"ext-animate--on\"><strong>Online-Streitbeilegung<\/strong><\/p>\n\n\n\n<p class=\"ext-animate--on\">Die Europ\u00e4ische Kommission stellt eine Plattform zur Online-Streitbeilegung (OS) bereit:<br><a href=\"https:\/\/ec.europa.eu\/consumers\/odr\/\">https:\/\/ec.europa.eu\/consumers\/odr\/<\/a><\/p>\n\n\n\n<p class=\"ext-animate--on\">Wir sind nicht verpflichtet und nicht bereit, an Streitbeilegungsverfahren vor einer Verbraucherschlichtungsstelle teilzunehmen.<\/p>\n<\/div>","protected":false},"excerpt":{"rendered":"<p>Angaben gem\u00e4\u00df \u00a7 5 TMG Zebus RecordsInhaber: Julius Braun Kocherbachweg 3750374 ErftstadtDeutschland Kontakt E-Mail (gesch\u00e4ftlich): info@zebusrecords.comE-Mail (privat): zebusbraun@gmail.com Verantwortlich f\u00fcr den Inhalt nach \u00a7 18 Abs. 2 MStV Julius BraunAnschrift wie oben Haftung f\u00fcr Inhalte Die Inhalte unserer Seiten wurden mit gr\u00f6\u00dfter Sorgfalt erstellt. F\u00fcr die Richtigkeit, Vollst\u00e4ndigkeit und Aktualit\u00e4t der Inhalte k\u00f6nnen wir jedoch [&hellip;]<\/p>\n","protected":false},"author":1,"featured_media":0,"parent":0,"menu_order":0,"comment_status":"closed","ping_status":"closed","template":"page-with-title","meta":{"footnotes":""},"class_list":["post-63","page","type-page","status-publish","hentry"],"_links":{"self":[{"href":"https:\/\/zebusrecords.com\/en\/wp-json\/wp\/v2\/pages\/63","targetHints":{"allow":["GET"]}}],"collection":[{"href":"https:\/\/zebusrecords.com\/en\/wp-json\/wp\/v2\/pages"}],"about":[{"href":"https:\/\/zebusrecords.com\/en\/wp-json\/wp\/v2\/types\/page"}],"author":[{"embeddable":true,"href":"https:\/\/zebusrecords.com\/en\/wp-json\/wp\/v2\/users\/1"}],"replies":[{"embeddable":true,"href":"https:\/\/zebusrecords.com\/en\/wp-json\/wp\/v2\/comments?post=63"}],"version-history":[{"count":19,"href":"https:\/\/zebusrecords.com\/en\/wp-json\/wp\/v2\/pages\/63\/revisions"}],"predecessor-version":[{"id":1461,"href":"https:\/\/zebusrecords.com\/en\/wp-json\/wp\/v2\/pages\/63\/revisions\/1461"}],"wp:attachment":[{"href":"https:\/\/zebusrecords.com\/en\/wp-json\/wp\/v2\/media?parent=63"}],"curies":[{"name":"wp","href":"https:\/\/api.w.org\/{rel}","templated":true}]}}