{"id":40,"date":"2026-03-10T11:47:07","date_gmt":"2026-03-10T11:47:07","guid":{"rendered":"https:\/\/zebusrecords.com\/team\/"},"modified":"2026-03-25T17:29:40","modified_gmt":"2026-03-25T17:29:40","slug":"artists","status":"publish","type":"page","link":"https:\/\/zebusrecords.com\/en\/artists\/","title":{"rendered":"Artisten"},"content":{"rendered":"<div class=\"wp-block-group alignfull is-style-ext-preset--group--natural-1--section has-background-background-color has-background has-global-padding is-layout-constrained wp-container-core-group-is-layout-6714b1d7 wp-block-group-is-layout-constrained\" id=\"about\" style=\"margin-top:0;margin-bottom:0;padding-top:var(--wp--preset--spacing--70);padding-bottom:var(--wp--preset--spacing--70)\">\n<h2 class=\"wp-block-heading has-text-align-center ext-animate--on\">Die Artisten<\/h2>\n\n\n\n<p class=\"has-text-align-center ext-animate--on\" style=\"margin-top:1.5rem\">Die K\u00fcnstler von Zebus Records stehen f\u00fcr unterschiedliche kreative Ans\u00e4tze, die eines gemeinsam haben: Musik ohne feste Grenzen.<br>Von sorgf\u00e4ltig ausgearbeiteten Projekten bis zu experimentellen Ideen entstehen hier Klangwelten, die sich nicht in klassische Genres einordnen lassen.<\/p>\n\n\n\n<p class=\"has-text-align-center ext-animate--on\" style=\"margin-top:1.5rem\">Jeder Artist bringt seine eigene Perspektive, seinen eigenen Stil und seine eigene Geschichte in das Label ein \u2013 und genau diese Vielfalt macht Zebus Records aus.<\/p>\n\n\n\n<div class=\"wp-block-columns alignwide is-layout-flex wp-container-core-columns-is-layout-28f84493 wp-block-columns-is-layout-flex\">\n<div class=\"wp-block-column ext-animate--on is-layout-flow wp-block-column-is-layout-flow\">\n<figure class=\"wp-block-image size-full is-style-ext-preset-image-natural-1-image-1--content-bottom is-style-ext-preset--image--natural-1--image-1--content-bottom is-style-ext-preset--image--natural-1--image-1--content-bottom--2\"><img loading=\"lazy\" decoding=\"async\" width=\"1024\" height=\"1024\" src=\"https:\/\/zebusrecords.com\/wp-content\/uploads\/2026\/03\/5FC3107A-FFEE-4A5D-9B13-803AC41A92A0.png\" alt=\"\" class=\"wp-image-223\" style=\"aspect-ratio:3\/4;object-fit:cover\" srcset=\"https:\/\/zebusrecords.com\/wp-content\/uploads\/2026\/03\/5FC3107A-FFEE-4A5D-9B13-803AC41A92A0.png 1024w, https:\/\/zebusrecords.com\/wp-content\/uploads\/2026\/03\/5FC3107A-FFEE-4A5D-9B13-803AC41A92A0-300x300.png 300w, https:\/\/zebusrecords.com\/wp-content\/uploads\/2026\/03\/5FC3107A-FFEE-4A5D-9B13-803AC41A92A0-150x150.png 150w, https:\/\/zebusrecords.com\/wp-content\/uploads\/2026\/03\/5FC3107A-FFEE-4A5D-9B13-803AC41A92A0-768x768.png 768w, https:\/\/zebusrecords.com\/wp-content\/uploads\/2026\/03\/5FC3107A-FFEE-4A5D-9B13-803AC41A92A0-12x12.png 12w\" sizes=\"auto, (max-width: 1024px) 100vw, 1024px\" \/><\/figure>\n<\/div>\n\n\n\n<div class=\"wp-block-column ext-animate--on is-layout-flow wp-block-column-is-layout-flow\">\n<figure class=\"wp-block-image size-large is-style-ext-preset-image-natural-1-image-1--content-bottom is-style-ext-preset--image--natural-1--image-1--content-bottom is-style-ext-preset--image--natural-1--image-1--content-bottom--3\"><img loading=\"lazy\" decoding=\"async\" width=\"768\" height=\"1024\" src=\"https:\/\/zebusrecords.com\/wp-content\/uploads\/2026\/03\/IMG_9598-768x1024.jpg\" alt=\"\" class=\"wp-image-222\" style=\"aspect-ratio:3\/4;object-fit:cover\" srcset=\"https:\/\/zebusrecords.com\/wp-content\/uploads\/2026\/03\/IMG_9598-768x1024.jpg 768w, https:\/\/zebusrecords.com\/wp-content\/uploads\/2026\/03\/IMG_9598-225x300.jpg 225w, https:\/\/zebusrecords.com\/wp-content\/uploads\/2026\/03\/IMG_9598-1152x1536.jpg 1152w, https:\/\/zebusrecords.com\/wp-content\/uploads\/2026\/03\/IMG_9598-1536x2048.jpg 1536w, https:\/\/zebusrecords.com\/wp-content\/uploads\/2026\/03\/IMG_9598-9x12.jpg 9w, https:\/\/zebusrecords.com\/wp-content\/uploads\/2026\/03\/IMG_9598-scaled.jpg 1920w\" sizes=\"auto, (max-width: 768px) 100vw, 768px\" \/><\/figure>\n<\/div>\n\n\n\n<div class=\"wp-block-column ext-animate--on is-layout-flow wp-block-column-is-layout-flow\">\n<figure class=\"wp-block-image size-large is-style-ext-preset-image-natural-1-image-1--content-bottom is-style-ext-preset--image--natural-1--image-1--content-bottom is-style-ext-preset--image--natural-1--image-1--content-bottom--4\"><img loading=\"lazy\" decoding=\"async\" width=\"682\" height=\"1024\" src=\"https:\/\/zebusrecords.com\/wp-content\/uploads\/2026\/03\/Nordschleife-Zebus-zens-1-682x1024.png\" alt=\"\" class=\"wp-image-293\" style=\"aspect-ratio:3\/4;object-fit:cover\" srcset=\"https:\/\/zebusrecords.com\/wp-content\/uploads\/2026\/03\/Nordschleife-Zebus-zens-1-682x1024.png 682w, https:\/\/zebusrecords.com\/wp-content\/uploads\/2026\/03\/Nordschleife-Zebus-zens-1-200x300.png 200w, https:\/\/zebusrecords.com\/wp-content\/uploads\/2026\/03\/Nordschleife-Zebus-zens-1-768x1153.png 768w, https:\/\/zebusrecords.com\/wp-content\/uploads\/2026\/03\/Nordschleife-Zebus-zens-1-1023x1536.png 1023w, https:\/\/zebusrecords.com\/wp-content\/uploads\/2026\/03\/Nordschleife-Zebus-zens-1-1364x2048.png 1364w, https:\/\/zebusrecords.com\/wp-content\/uploads\/2026\/03\/Nordschleife-Zebus-zens-1-8x12.png 8w, https:\/\/zebusrecords.com\/wp-content\/uploads\/2026\/03\/Nordschleife-Zebus-zens-1-scaled.png 1705w\" sizes=\"auto, (max-width: 682px) 100vw, 682px\" \/><\/figure>\n<\/div>\n<\/div>\n<\/div>\n\n\n\n\n\n<div class=\"wp-block-group alignfull is-style-ext-preset--group--natural-1--section has-background-background-color has-background has-global-padding is-layout-constrained wp-container-core-group-is-layout-e955bbaf wp-block-group-is-layout-constrained\" style=\"margin-top:0;margin-bottom:0;padding-top:var(--wp--preset--spacing--70);padding-bottom:var(--wp--preset--spacing--70)\">\n<div class=\"wp-block-group alignwide ext-is-logical-start has-global-padding is-content-justification-left is-layout-constrained wp-container-core-group-is-layout-6729bdbe wp-block-group-is-layout-constrained\">\n<div class=\"wp-block-buttons ext-animate--on is-layout-flex wp-block-buttons-is-layout-flex\"><\/div>\n<\/div>\n\n\n\n<div class=\"wp-block-media-text alignwide has-media-on-the-right is-stacked-on-mobile is-image-fill-element is-style-ext-preset--media-text--natural-1--card-1 ext-animate--on is-style-ext-preset--media-text--natural-1--card-1--11\"><div class=\"wp-block-media-text__content\">\n<div class=\"wp-block-group alignwide is-vertical is-layout-flex wp-container-core-group-is-layout-53474e87 wp-block-group-is-layout-flex\" style=\"padding-top:var(--wp--preset--spacing--60);padding-bottom:var(--wp--preset--spacing--60)\">\n<div class=\"wp-block-group has-global-padding is-layout-constrained wp-container-core-group-is-layout-812d5580 wp-block-group-is-layout-constrained\" style=\"padding-top:0;padding-right:0;padding-bottom:0;padding-left:0\">\n<h3 class=\"wp-block-heading\">Julius Braun<\/h3>\n\n\n\n<p>Atmosph\u00e4rische Klangwelten treffen auf komplexe Strukturen und genre\u00fcbergreifende Einfl\u00fcsse. Die Musik verbindet unabh\u00e4ngige Alternative-\u00c4sthetik mit experimentellen Ideen und erschafft vielschichtige, oft unerwartete Soundlandschaften.<\/p>\n<\/div>\n\n\n\n<div class=\"wp-block-buttons ext-animate--on is-layout-flex wp-block-buttons-is-layout-flex\">\n<div class=\"wp-block-button\"><a class=\"wp-block-button__link wp-element-button\" href=\"https:\/\/zebusrecords.com\/en\/julius-braun\/\">Zum Artisten<\/a><\/div>\n<\/div>\n<\/div>\n<\/div><figure class=\"wp-block-media-text__media\"><img loading=\"lazy\" decoding=\"async\" width=\"1024\" height=\"1024\" src=\"https:\/\/zebusrecords.com\/wp-content\/uploads\/2026\/03\/IMG_9777777598-1024x1024.jpg\" alt=\"\" class=\"wp-image-411 size-full\" style=\"object-position:50% 50%\" srcset=\"https:\/\/zebusrecords.com\/wp-content\/uploads\/2026\/03\/IMG_9777777598-1024x1024.jpg 1024w, https:\/\/zebusrecords.com\/wp-content\/uploads\/2026\/03\/IMG_9777777598-300x300.jpg 300w, https:\/\/zebusrecords.com\/wp-content\/uploads\/2026\/03\/IMG_9777777598-150x150.jpg 150w, https:\/\/zebusrecords.com\/wp-content\/uploads\/2026\/03\/IMG_9777777598-768x768.jpg 768w, https:\/\/zebusrecords.com\/wp-content\/uploads\/2026\/03\/IMG_9777777598-1536x1536.jpg 1536w, https:\/\/zebusrecords.com\/wp-content\/uploads\/2026\/03\/IMG_9777777598-2048x2048.jpg 2048w, https:\/\/zebusrecords.com\/wp-content\/uploads\/2026\/03\/IMG_9777777598-12x12.jpg 12w\" sizes=\"auto, (max-width: 1024px) 100vw, 1024px\" \/><\/figure><\/div>\n\n\n\n<div class=\"wp-block-media-text alignwide is-stacked-on-mobile is-image-fill-element is-style-ext-preset--media-text--natural-1--card-1 ext-animate--on is-style-ext-preset--media-text--natural-1--card-1--12\" style=\"margin-top:var(--wp--preset--spacing--40)\"><figure class=\"wp-block-media-text__media\"><img loading=\"lazy\" decoding=\"async\" width=\"1024\" height=\"1024\" src=\"https:\/\/zebusrecords.com\/wp-content\/uploads\/2026\/03\/5FC3107A-FFEE-4A5D-9B13-803AC41A92A0.png\" alt=\"\" class=\"wp-image-223 size-full\" style=\"object-position:50% 50%\" srcset=\"https:\/\/zebusrecords.com\/wp-content\/uploads\/2026\/03\/5FC3107A-FFEE-4A5D-9B13-803AC41A92A0.png 1024w, https:\/\/zebusrecords.com\/wp-content\/uploads\/2026\/03\/5FC3107A-FFEE-4A5D-9B13-803AC41A92A0-300x300.png 300w, https:\/\/zebusrecords.com\/wp-content\/uploads\/2026\/03\/5FC3107A-FFEE-4A5D-9B13-803AC41A92A0-150x150.png 150w, https:\/\/zebusrecords.com\/wp-content\/uploads\/2026\/03\/5FC3107A-FFEE-4A5D-9B13-803AC41A92A0-768x768.png 768w, https:\/\/zebusrecords.com\/wp-content\/uploads\/2026\/03\/5FC3107A-FFEE-4A5D-9B13-803AC41A92A0-12x12.png 12w\" sizes=\"auto, (max-width: 1024px) 100vw, 1024px\" \/><\/figure><div class=\"wp-block-media-text__content\">\n<div class=\"wp-block-group alignwide is-vertical is-layout-flex wp-container-core-group-is-layout-53474e87 wp-block-group-is-layout-flex\" style=\"padding-top:var(--wp--preset--spacing--60);padding-bottom:var(--wp--preset--spacing--60)\">\n<div class=\"wp-block-group has-global-padding is-layout-constrained wp-container-core-group-is-layout-812d5580 wp-block-group-is-layout-constrained\" style=\"padding-top:0;padding-right:0;padding-bottom:0;padding-left:0\">\n<h3 class=\"wp-block-heading\">Wemmswerken<\/h3>\n\n\n\n<p>Ein experimentelles Klanglabor f\u00fcr ungew\u00f6hnliche Ideen, spontane Experimente und genre\u00fcbergreifende Musik. Wemmswerken steht f\u00fcr kreative Freiheit, unkonventionelle Sounds und eine enorme Vielfalt an musikalischen Projekten.<\/p>\n<\/div>\n\n\n\n<div class=\"wp-block-buttons ext-animate--on is-layout-flex wp-block-buttons-is-layout-flex\">\n<div class=\"wp-block-button\"><a class=\"wp-block-button__link wp-element-button\" href=\"https:\/\/zebusrecords.com\/en\/wemmswerken\/\">Zum Artisten<\/a><\/div>\n<\/div>\n<\/div>\n<\/div><\/div>\n\n\n\n\n<\/div>","protected":false},"excerpt":{"rendered":"<p>Die Artisten Die K\u00fcnstler von Zebus Records stehen f\u00fcr unterschiedliche kreative Ans\u00e4tze, die eines gemeinsam haben: Musik ohne feste Grenzen.Von sorgf\u00e4ltig ausgearbeiteten Projekten bis zu experimentellen Ideen entstehen hier Klangwelten, die sich nicht in klassische Genres einordnen lassen. Jeder Artist bringt seine eigene Perspektive, seinen eigenen Stil und seine eigene Geschichte in das Label ein [&hellip;]<\/p>\n","protected":false},"author":1,"featured_media":0,"parent":0,"menu_order":0,"comment_status":"closed","ping_status":"closed","template":"page-with-title","meta":{"footnotes":""},"class_list":["post-40","page","type-page","status-publish","hentry"],"_links":{"self":[{"href":"https:\/\/zebusrecords.com\/en\/wp-json\/wp\/v2\/pages\/40","targetHints":{"allow":["GET"]}}],"collection":[{"href":"https:\/\/zebusrecords.com\/en\/wp-json\/wp\/v2\/pages"}],"about":[{"href":"https:\/\/zebusrecords.com\/en\/wp-json\/wp\/v2\/types\/page"}],"author":[{"embeddable":true,"href":"https:\/\/zebusrecords.com\/en\/wp-json\/wp\/v2\/users\/1"}],"replies":[{"embeddable":true,"href":"https:\/\/zebusrecords.com\/en\/wp-json\/wp\/v2\/comments?post=40"}],"version-history":[{"count":31,"href":"https:\/\/zebusrecords.com\/en\/wp-json\/wp\/v2\/pages\/40\/revisions"}],"predecessor-version":[{"id":1028,"href":"https:\/\/zebusrecords.com\/en\/wp-json\/wp\/v2\/pages\/40\/revisions\/1028"}],"wp:attachment":[{"href":"https:\/\/zebusrecords.com\/en\/wp-json\/wp\/v2\/media?parent=40"}],"curies":[{"name":"wp","href":"https:\/\/api.w.org\/{rel}","templated":true}]}}