{"id":2,"date":"2026-03-10T12:27:46","date_gmt":"2026-03-10T12:27:46","guid":{"rendered":"https:\/\/zebusrecords.com\/?page_id=2"},"modified":"2026-04-19T20:00:22","modified_gmt":"2026-04-19T20:00:22","slug":"archive","status":"publish","type":"page","link":"https:\/\/zebusrecords.com\/en\/archive\/","title":{"rendered":"Archiv"},"content":{"rendered":"<div class=\"wp-block-group alignfull is-style-ext-preset--group--natural-1--section ext-animate--on has-background-background-color has-background has-global-padding is-layout-constrained wp-container-core-group-is-layout-4c06d358 wp-block-group-is-layout-constrained\" style=\"margin-top:0;margin-bottom:0;padding-top:var(--wp--preset--spacing--70);padding-bottom:var(--wp--preset--spacing--70)\">\n<h2 class=\"wp-block-heading has-text-align-center ext-animate--on has-x-large-font-size\">Inoffizielle Songs<\/h2>\n\n\n\n<p class=\"has-text-align-center ext-animate--on\" style=\"margin-top:1.5rem\">Hier landen regelm\u00e4\u00dfig Inoffizielle Remixe und Songs die nie mals Offiziell werden.<\/p>\n\n\n\n<p class=\"ext-animate--on\"><\/p>\n<\/div>\n\n\n\n<div data-wp-context=\"{ &quot;autoclose&quot;: false, &quot;accordionItems&quot;: [] }\" data-wp-interactive=\"core\/accordion\" role=\"group\" class=\"wp-block-accordion ext-animate--on is-layout-flow wp-block-accordion-is-layout-flow\">\n<div data-wp-class--is-open=\"state.isOpen\" data-wp-context=\"{ &quot;id&quot;: &quot;accordion-item-3&quot;, &quot;openByDefault&quot;: false }\" data-wp-init=\"callbacks.initAccordionItems\" data-wp-on-window--hashchange=\"callbacks.hashChange\" class=\"wp-block-accordion-item is-layout-flow wp-block-accordion-item-is-layout-flow\">\n<h3 class=\"wp-block-accordion-heading\"><button aria-expanded=\"false\" aria-controls=\"accordion-item-3-panel\" data-wp-bind--aria-expanded=\"state.isOpen\" data-wp-on--click=\"actions.toggle\" data-wp-on--keydown=\"actions.handleKeyDown\" id=\"accordion-item-3\" type=\"button\" class=\"wp-block-accordion-heading__toggle\"><span class=\"wp-block-accordion-heading__toggle-title\">ABC History: Die Reichshamster<\/span><span class=\"wp-block-accordion-heading__toggle-icon\" aria-hidden=\"true\">+<\/span><\/button><\/h3>\n\n\n\n<div inert aria-labelledby=\"accordion-item-3\" data-wp-bind--inert=\"!state.isOpen\" id=\"accordion-item-3-panel\" role=\"region\" class=\"wp-block-accordion-panel is-layout-flow wp-block-accordion-panel-is-layout-flow\">\n<div data-wp-context=\"{ &quot;autoclose&quot;: false, &quot;accordionItems&quot;: [] }\" data-wp-interactive=\"core\/accordion\" role=\"group\" class=\"wp-block-accordion ext-animate--on is-layout-flow wp-block-accordion-is-layout-flow\">\n<div data-wp-class--is-open=\"state.isOpen\" data-wp-context=\"{ &quot;id&quot;: &quot;accordion-item-2&quot;, &quot;openByDefault&quot;: false }\" data-wp-init=\"callbacks.initAccordionItems\" data-wp-on-window--hashchange=\"callbacks.hashChange\" class=\"wp-block-accordion-item is-layout-flow wp-block-accordion-item-is-layout-flow\">\n<h3 class=\"wp-block-accordion-heading\"><button aria-expanded=\"false\" aria-controls=\"accordion-item-2-panel\" data-wp-bind--aria-expanded=\"state.isOpen\" data-wp-on--click=\"actions.toggle\" data-wp-on--keydown=\"actions.handleKeyDown\" id=\"accordion-item-2\" type=\"button\" class=\"wp-block-accordion-heading__toggle\"><span class=\"wp-block-accordion-heading__toggle-title\"><em><sup><sub>Disclaimer und Hinweis<\/sub><\/sup><\/em><\/span><span class=\"wp-block-accordion-heading__toggle-icon\" aria-hidden=\"true\">+<\/span><\/button><\/h3>\n\n\n\n<div inert aria-labelledby=\"accordion-item-2\" data-wp-bind--inert=\"!state.isOpen\" id=\"accordion-item-2-panel\" role=\"region\" class=\"wp-block-accordion-panel is-layout-flow wp-block-accordion-panel-is-layout-flow\">\n<p class=\"ext-animate--on\"><strong>Disclaimer<\/strong><\/p>\n\n\n\n<p class=\"ext-animate--on\">Diese Reportagereihe basiert auf realen Begebenheiten, wurde jedoch bewusst fiktionalisiert und dramaturgisch \u00fcberzeichnet.<br>Die dargestellten Ereignisse, insbesondere ein angeblicher \u201eMensch-Hamster-Konflikt\u201c, sind rein erz\u00e4hlerische Elemente und entsprechen nicht der Realit\u00e4t.<\/p>\n\n\n\n<p class=\"ext-animate--on\">Die verwendeten Figuren, Institutionen und Expertennamen (z. B. Professoren oder Forschungseinrichtungen) sind vollst\u00e4ndig frei erfunden und dienen ausschlie\u00dflich der stilistischen Darstellung im dokumentarischen Format.<\/p>\n\n\n\n<p class=\"ext-animate--on\">Die Inhalte verbinden reale Hintergr\u00fcnde \u2013 insbesondere das tats\u00e4chliche Leben und die Existenz der dargestellten Hamster \u2013 mit einer bewusst epischen, teilweise \u00fcbertriebenen und parodistischen Erz\u00e4hlweise.<br><br><strong>Produktion<\/strong><\/p>\n\n\n\n<p class=\"ext-animate--on\">Diese Reihe ist eine unabh\u00e4ngige, private Produktion von Julius Braun, ver\u00f6ffentlicht unter dem Projektnamen ABC History (fiktiv).<\/p>\n\n\n\n<p class=\"ext-animate--on\"><em>Konzept &amp; Umsetzung:<\/em> eigenst\u00e4ndig entwickelt<\/p>\n\n\n\n<p class=\"ext-animate--on\"><em>Sprecher:<\/em> KI-generierte Stimmen<\/p>\n\n\n\n<p class=\"ext-animate--on\"><em>Musik &amp; Sounddesign<\/em>: Julius Braun<br><br><strong>Einordnung<\/strong><\/p>\n\n\n\n<p class=\"ext-animate--on\">Das Format orientiert sich bewusst an klassischen wissenschaftlichen und dokumentarischen Reportagen, \u00fcbertr\u00e4gt diese Struktur jedoch auf eine fiktive und k\u00fcnstlerisch interpretierte Geschichte.<\/p>\n\n\n\n<p class=\"ext-animate--on\">Ziel ist es, eine m\u00f6glichst authentisch wirkende Darstellung zu schaffen, obwohl der Inhalt bewusst zwischen Realit\u00e4t, Interpretation und k\u00fcnstlerischer \u00dcberzeichnung wechselt.<br><br><strong>Hinweis<\/strong><\/p>\n\n\n\n<p class=\"ext-animate--on\">Diese Produktion ist als k\u00fcnstlerisches Projekt zu verstehen.<br>Sie dient der Unterhaltung, Interpretation und Erweiterung der bestehenden Inhalte innerhalb des Zebus-Records-Universums.<\/p>\n<\/div>\n<\/div>\n<\/div>\n\n\n\n<p class=\"ext-animate--on\">eine Reportage \u00fcber die Reichshamster wie sie in 100 Jahren sein k\u00f6nnte.<\/p>\n\n\n\n<div class=\"wp-block-group ext-animate--on is-nowrap is-layout-flex wp-container-core-group-is-layout-6c531013 wp-block-group-is-layout-flex\">\n<figure class=\"wp-block-audio ext-animate--on\"><audio controls src=\"https:\/\/zebusrecords.com\/wp-content\/uploads\/2026\/04\/ABC-History-Hamster-1-Fertig.mp3\"><\/audio><\/figure>\n\n\n\n<p class=\"ext-animate--on\">Folge 1: Der Fund<br><br>Die Entdeckung der Reichshamsterwelt.<\/p>\n<\/div>\n\n\n\n<div class=\"wp-block-group ext-animate--on is-nowrap is-layout-flex wp-container-core-group-is-layout-6c531013 wp-block-group-is-layout-flex\">\n<figure class=\"wp-block-audio ext-animate--on\"><audio controls src=\"https:\/\/zebusrecords.com\/wp-content\/uploads\/2026\/04\/ABC-History-Hamster-2-Fertig.mp3\"><\/audio><\/figure>\n\n\n\n<p class=\"ext-animate--on\">Folge 2: Genetik<br><br>Die Charakterentwicklung und Intelligenzbildung der Hamster.<\/p>\n<\/div>\n\n\n\n<div class=\"wp-block-group ext-animate--on is-nowrap is-layout-flex wp-container-core-group-is-layout-6c531013 wp-block-group-is-layout-flex\">\n<figure class=\"wp-block-audio ext-animate--on\"><audio controls src=\"https:\/\/zebusrecords.com\/wp-content\/uploads\/2026\/04\/ABC-History-Hamster-3-Fertig.mp3\"><\/audio><\/figure>\n\n\n\n<p class=\"ext-animate--on\">Folge 3: Ethik<br><br>Der Staatliche aufbau des Reichshamsterstaats, Verantwortung und Glauben. Sind wir verantwortlich f\u00fcr das Aussterben der Reichshamster?<\/p>\n<\/div>\n\n\n\n<div class=\"wp-block-group ext-animate--on is-nowrap is-layout-flex wp-container-core-group-is-layout-6c531013 wp-block-group-is-layout-flex\">\n<figure class=\"wp-block-audio ext-animate--on\"><audio controls src=\"https:\/\/zebusrecords.com\/wp-content\/uploads\/2026\/04\/ABC-History-Hamster-Bonus-Fertig.mp3\"><\/audio><\/figure>\n\n\n\n<p class=\"ext-animate--on\">Folge 4: Bonus<br><br>Originalmaterial der Chronisten des Hamsterreichs.<\/p>\n<\/div>\n\n\n\n<div class=\"wp-block-group ext-animate--on is-nowrap is-layout-flex wp-container-core-group-is-layout-6c531013 wp-block-group-is-layout-flex\">\n<figure class=\"wp-block-audio ext-animate--on\"><audio controls src=\"https:\/\/zebusrecords.com\/wp-content\/uploads\/2026\/04\/Reichshamster.mp3\"><\/audio><\/figure>\n\n\n\n<p class=\"ext-animate--on\">Folge 5: Fortsetzung<br><br>Neue Fundst\u00fccke zum Hamsterreich.<\/p>\n<\/div>\n<\/div>\n<\/div>\n<\/div>","protected":false},"excerpt":{"rendered":"<p>Inoffizielle Songs Hier landen regelm\u00e4\u00dfig Inoffizielle Remixe und Songs die nie mals Offiziell werden.<\/p>","protected":false},"author":1,"featured_media":0,"parent":0,"menu_order":0,"comment_status":"closed","ping_status":"closed","template":"","meta":{"footnotes":""},"class_list":["post-2","page","type-page","status-publish","hentry"],"_links":{"self":[{"href":"https:\/\/zebusrecords.com\/en\/wp-json\/wp\/v2\/pages\/2","targetHints":{"allow":["GET"]}}],"collection":[{"href":"https:\/\/zebusrecords.com\/en\/wp-json\/wp\/v2\/pages"}],"about":[{"href":"https:\/\/zebusrecords.com\/en\/wp-json\/wp\/v2\/types\/page"}],"author":[{"embeddable":true,"href":"https:\/\/zebusrecords.com\/en\/wp-json\/wp\/v2\/users\/1"}],"replies":[{"embeddable":true,"href":"https:\/\/zebusrecords.com\/en\/wp-json\/wp\/v2\/comments?post=2"}],"version-history":[{"count":80,"href":"https:\/\/zebusrecords.com\/en\/wp-json\/wp\/v2\/pages\/2\/revisions"}],"predecessor-version":[{"id":2104,"href":"https:\/\/zebusrecords.com\/en\/wp-json\/wp\/v2\/pages\/2\/revisions\/2104"}],"wp:attachment":[{"href":"https:\/\/zebusrecords.com\/en\/wp-json\/wp\/v2\/media?parent=2"}],"curies":[{"name":"wp","href":"https:\/\/api.w.org\/{rel}","templated":true}]}}